{"id":6664,"date":"2019-02-22T13:27:31","date_gmt":"2019-02-22T13:27:31","guid":{"rendered":"http:\/\/www.chiarasandri.com\/?page_id=6664"},"modified":"2024-12-20T02:37:42","modified_gmt":"2024-12-20T02:37:42","slug":"about-me","status":"publish","type":"page","link":"http:\/\/www.chiarasandri.com\/index.php\/it\/about-me\/","title":{"rendered":"Chi sono"},"content":{"rendered":"\n<p>Sono nata a Torino nel 1981, e sono cresciuta in una casa piena di libri e immersa nella natura. Quando ero in prima elementare, andavo in libreria con mia mamma una volta alla settimana, ogni volta alla ricerca di un nuovo libro da leggere. Li avrei comprati tutti! A quel tempo, leggevo tonnellate di libri per bambini. E questo sicuramente mi ha aiutato a sviluppare la mia naturale predisposizione a trasformare la mia vivace immaginazione in parole e storie. Mi piaceva anche disegnare; i soggetti preferiti dei miei disegni erano principesse e ballerine, e io sognavo segretamente di diventare una di queste ultime da adulta! Ricordo che mi prendevo molta cura delle mie matite colorate durante gli anni della scuola elementare. Li tenevo anche in un ordine preciso nel mio astuccio, lo stesso ordine dei colori dell&#8217;arcobaleno.<\/p>\n\n\n<div class=\"wp-block-image is-style-rounded\">\n<figure class=\"aligncenter size-large is-resized\"><img loading=\"lazy\" decoding=\"async\" width=\"784\" height=\"1024\" src=\"http:\/\/www.chiarasandri.com\/wp-content\/uploads\/2024\/12\/IMG_6252-1-784x1024.jpeg\" alt=\"\" class=\"wp-image-6860\" style=\"width:231px;height:auto\" srcset=\"http:\/\/www.chiarasandri.com\/wp-content\/uploads\/2024\/12\/IMG_6252-1-784x1024.jpeg 784w, http:\/\/www.chiarasandri.com\/wp-content\/uploads\/2024\/12\/IMG_6252-1-230x300.jpeg 230w, http:\/\/www.chiarasandri.com\/wp-content\/uploads\/2024\/12\/IMG_6252-1-768x1004.jpeg 768w, http:\/\/www.chiarasandri.com\/wp-content\/uploads\/2024\/12\/IMG_6252-1-1175x1536.jpeg 1175w, http:\/\/www.chiarasandri.com\/wp-content\/uploads\/2024\/12\/IMG_6252-1.jpeg 1242w\" sizes=\"auto, (max-width: 767px) 89vw, (max-width: 1000px) 54vw, (max-width: 1071px) 543px, 580px\" \/><\/figure>\n<\/div>\n\n\n<p>Ho trascorso la maggior parte della mia infanzia giocando nell&#8217;enorme cortile della casa della mia famiglia, con i miei due fratelli e il nostro cane. L\u00ec abbiamo vissuto tante meravigliose avventure tutti insieme, in qualsiasi stagione dell&#8217;anno! Abbiamo persino costruito la nostra casa sull&#8217;albero da soli: era il nostro castello speciale, il nostro rifugio segreto, e solo noi tre potevamo giocarci. I miei primi racconti, scritti durante gli anni delle scuole medie e superiori, hanno avuto origine da questi felici ricordi d&#8217;infanzia e dalla mia vita quotidiana. A quel tempo, non scrivevo pensando di pubblicare, forse ero ancora troppo giovane per pensarci. Scrivevo solo per divertimento, perch\u00e9 mi piaceva davvero. Tutto era uno stimolo a scrivere, per me: un piccolo ricordo, ad esempio uno buono se volevo creare una storia allegra e divertente; o uno triste, se invece desideravo scrivere una storia su cui riflettere; o anche un argomento suggerito dai miei insegnanti durante le lezioni a scuola\u2026 Tutto era &#8220;cibo&#8221; per la mia fantasia e la mia penna! Ogni tanto mi piaceva partecipare a concorsi letterari. Avevo 13 anni quando scrissi un racconto che aveva come protagonisti il poeta italiano Giacomo Leopardi e il cantautore e rapper italiano Jovanotti, per partecipare a un concorso letterario riservato agli studenti delle scuole medie. Ricordo di essermi divertita molto a immaginare e scrivere quella storia! Il terzo anno di scuola superiore \u00e9 stato un altro momento importante nello sviluppo del mio sogno di scrivere: infatti, quando avevo 16 anni, ho scritto un racconto sulla mia citt\u00e0, celebrandone la bellezza e i tanti modi in cui mi sentivo legata ad essa. Con questo racconto, ho partecipato al concorso letterario dal titolo &#8220;Racconta la tua citt\u00e0&#8221;, rivolto a persone di qualsiasi et\u00e0, residenti nella citt\u00e0 di Torino e provincia. Quella volta, insieme ad altri 99 scrittori, ebbi il piacere di vedere il mio racconto pubblicato sulle pagine di uno dei quotidiani pi\u00f9 noti di Torino, La Stampa. \u00c8 stato un grande onore per me, anche perch\u00e9 ero solo un&#8217;adolescente a quel tempo.<\/p>\n\n\n\n<p>Negli anni successivi, mi sono concentrata quasi solo esclusivamente sui miei studi all&#8217;Universit\u00e0: nel 2005 mi sono laureata a pieni voti all&#8217;Universit\u00e0 degli Studi di Torino, diventando farmacista. Ricordo che, in quegli anni, il mio obiettivo principale era proprio quello di diventare farmacista. Lo consideravo davvero come uno dei sogni pi\u00f9 grandi della mia vita. Imparare a essere in grado di prendermi cura delle persone, di aiutarle a risolvere i loro problemi di salute, di farle sentire speciali come pazienti, mi ha richiesto molto tempo, lavoro e impegno. Mi dedicavo completamente allo studio e, anche durante i primi anni della mia carriera come farmacista, a volte pensavo che la mia passione per la scrittura sarebbe rimasta un sogno irrealizzabile, perch\u00e9 non riuscivo a trovare il tempo da dedicarle. Ma, nel mio cuore, sentivo che scrivere mi mancava molto. E sapevo anche che, prima o poi, avrei ricominciato a esprimere la mia fantasia e la mia creativit\u00e0. Era parte di me!<\/p>\n\n\n\n<p>Quel momento \u00e8 arrivato quando ero in dolce attesa della mia primogenita: si sono verificate alcune complicazioni, e il mio medico mi ha prescritto un lungo riposo\u2026 cos\u00ec ho deciso di trasformare quella che, in un primo momento, mi era sembrata una situazione noiosa in un&#8217;occasione positiva per dedicare me stessa e il mio tempo al mio sogno nel cassetto: scrivere! Credo che le emozioni speciali che ho provato nel mio cuore e nella mia mente durante la mia prima gravidanza mi abbiano ispirato l&#8217;idea di creare un libro illustrato per bambini. Cos\u00ec ho scritto la storia e realizzato il primo schizzo della protagonista di questo libro, Juliet Stork. Non sapevo ancora che un giorno l&#8217;avrei pubblicato per davvero!<\/p>\n\n\n\n<p>Negli anni successivi, ho continuato a riempire la mia vita quotidiana con l&#8217;immensa gioia di essere moglie, mamma e farmacista. Nel 2017, il lavoro di mio marito ci ha portato negli Stati Uniti, dove viviamo attualmente. Sono cos\u00ec grata e felice per questa opportunit\u00e0 che ci \u00e8 stata data. Certo, prendere la decisione di lasciare la citt\u00e0 in cui ho trascorso letteralmente 35 anni della mia vita mi \u00e8 sembrato difficile all&#8217;inizio. Ho lasciato l\u00ec la mia famiglia e molti amici, e tutti loro mi mancano infinitamente. Ma anche qui abbiamo avuto modo di conoscere dei carissimi amici, e ne siamo profondamente grati. Negli ultimi anni trascorsi negli Stati Uniti, ho trovato nuove ispirazioni per scrivere e illustrare il mio primo libro per bambini: Edward the little magic star and Claire (disponibile anche in edizione italiana, Edward la piccola magica stella e Claire). Ho iniziato a immaginare questa storia cos\u00ec: vorrei, per i miei giovanissimi lettori, una trama facile, narrata con parole semplici, illustrata con disegni essenziali\u2026ma deve spiegare loro un messaggio importante. Perch\u00e9 \u00e8 cos\u00ec che i bambini comunicano con noi adulti: ci raccontano le loro semplici storie, usando le loro semplici parole e i loro disegni\u2026 Ma i messaggi e le emozioni che sono in grado di comunicare sono cos\u00ec grandi e profondi. Hanno cos\u00ec tanto da insegnarci! Credo che tutti noi, come adulti, dovremmo cercare di imparare un po&#8217; di pi\u00f9 dai nostri figli: a volte la nostra complessit\u00e0 \u00e8 cos\u00ec eccessiva che si sgretola di fronte alla loro pura e ingenua semplicit\u00e0. Ecco perch\u00e9, leggendo questo libro, conoscerete la storia di una bambina (Claire) e del suo nuovo e speciale amico (Edward, una stellina magica!), narrata con parole semplici e accompagnate da illustrazioni disegnate a mano (ho utilizzato le matite colorate, proprio come fanno i bambini! Poi ho modificato alcuni sfondi e alcuni dettagli a computer)\u2026 Ma il messaggio spiegato nella storia sar\u00e0 sorprendentemente grande!<\/p>\n\n\n\n<p>Di recente, nel corso del 2024, ho pubblicato due nuovi libri per bambini, Juliet Stork: Mission North Pole (disponibile anche in edizione italiana, Juliet Stork: Missione Polo Nord), basato sulla storia e sugli schizzi che ho creato molti anni fa, quando aspettavo la mia prima bambina, e Chef Quiche&#8217;s ABC, un libro-alfabeto, &#8220;preparato con amore&#8221;, per tutti i bambini che iniziano a imparare l&#8217;alfabeto.<\/p>\n\n\n\n<p>Nei miei sogni: continuare a scrivere e illustrare molti altri libri per bambini! Quindi, rimanete sintonizzati: ho delle nuove pubblicazioni in programma per il 2025! Buona lettura a tutti, grandi e piccini insieme!<\/p>\n\n\n\n<p class=\"has-text-align-center\"><\/p>\n","protected":false},"excerpt":{"rendered":"<p>Sono nata a Torino nel 1981, e sono cresciuta in una casa piena di libri e immersa nella natura. Quando ero in prima elementare, andavo in libreria con mia mamma una volta alla settimana, ogni volta alla ricerca di un nuovo libro da leggere. Li avrei comprati tutti! A quel tempo, leggevo tonnellate di libri &hellip; <\/p>\n<p class=\"link-more\"><a href=\"http:\/\/www.chiarasandri.com\/index.php\/it\/about-me\/\" class=\"more-link\">Continue reading<span class=\"screen-reader-text\"> &#8220;Chi sono&#8221;<\/span><\/a><\/p>\n","protected":false},"author":1,"featured_media":0,"parent":0,"menu_order":0,"comment_status":"open","ping_status":"open","template":"","meta":{"footnotes":""},"class_list":["post-6664","page","type-page","status-publish","hentry"],"_links":{"self":[{"href":"http:\/\/www.chiarasandri.com\/index.php\/wp-json\/wp\/v2\/pages\/6664","targetHints":{"allow":["GET"]}}],"collection":[{"href":"http:\/\/www.chiarasandri.com\/index.php\/wp-json\/wp\/v2\/pages"}],"about":[{"href":"http:\/\/www.chiarasandri.com\/index.php\/wp-json\/wp\/v2\/types\/page"}],"author":[{"embeddable":true,"href":"http:\/\/www.chiarasandri.com\/index.php\/wp-json\/wp\/v2\/users\/1"}],"replies":[{"embeddable":true,"href":"http:\/\/www.chiarasandri.com\/index.php\/wp-json\/wp\/v2\/comments?post=6664"}],"version-history":[{"count":9,"href":"http:\/\/www.chiarasandri.com\/index.php\/wp-json\/wp\/v2\/pages\/6664\/revisions"}],"predecessor-version":[{"id":6866,"href":"http:\/\/www.chiarasandri.com\/index.php\/wp-json\/wp\/v2\/pages\/6664\/revisions\/6866"}],"wp:attachment":[{"href":"http:\/\/www.chiarasandri.com\/index.php\/wp-json\/wp\/v2\/media?parent=6664"}],"curies":[{"name":"wp","href":"https:\/\/api.w.org\/{rel}","templated":true}]}}